{"id":9,"date":"2019-07-29T09:04:58","date_gmt":"2019-07-29T07:04:58","guid":{"rendered":"http:\/\/albaribalta.com\/?page_id=9"},"modified":"2023-11-14T19:13:29","modified_gmt":"2023-11-14T17:13:29","slug":"quant-a","status":"publish","type":"page","link":"https:\/\/albaribalta.com\/index.php\/quant-a\/","title":{"rendered":"Qui s\u00f3c?"},"content":{"rendered":"\t\t<div data-elementor-type=\"wp-page\" data-elementor-id=\"9\" class=\"elementor elementor-9\">\n\t\t\t\t\t\t<section class=\"elementor-section elementor-top-section elementor-element elementor-element-3dadd38c elementor-section-content-middle elementor-section-boxed elementor-section-height-default elementor-section-height-default\" data-id=\"3dadd38c\" data-element_type=\"section\">\n\t\t\t\t\t\t<div class=\"elementor-container elementor-column-gap-no\">\n\t\t\t\t\t<div class=\"elementor-column elementor-col-50 elementor-top-column elementor-element elementor-element-16538210\" data-id=\"16538210\" data-element_type=\"column\">\n\t\t\t<div class=\"elementor-widget-wrap elementor-element-populated\">\n\t\t\t\t\t\t<div class=\"elementor-element elementor-element-73b3750d elementor-widget elementor-widget-image\" data-id=\"73b3750d\" data-element_type=\"widget\" data-widget_type=\"image.default\">\n\t\t\t\t<div class=\"elementor-widget-container\">\n\t\t\t\t\t\t\t\t\t\t\t\t\t<img fetchpriority=\"high\" decoding=\"async\" width=\"6000\" height=\"4000\" src=\"https:\/\/albaribalta.com\/wp-content\/uploads\/2020\/11\/IMG_1760-copia.jpg\" class=\"attachment-full size-full wp-image-806\" alt=\"\" \/>\t\t\t\t\t\t\t\t\t\t\t\t\t<\/div>\n\t\t\t\t<\/div>\n\t\t\t\t\t<\/div>\n\t\t<\/div>\n\t\t\t\t<div class=\"elementor-column elementor-col-50 elementor-top-column elementor-element elementor-element-dc0fba5\" data-id=\"dc0fba5\" data-element_type=\"column\">\n\t\t\t<div class=\"elementor-widget-wrap elementor-element-populated\">\n\t\t\t\t\t\t<div class=\"elementor-element elementor-element-465fa1d8 elementor-widget elementor-widget-text-editor\" data-id=\"465fa1d8\" data-element_type=\"widget\" data-widget_type=\"text-editor.default\">\n\t\t\t\t<div class=\"elementor-widget-container\">\n\t\t\t\t\t\t\t<p>&#8220;S\u00f3c una apassionada de la nutrici\u00f3 i la cuina.\u00a0 Per aquest motiu vull ensenyar-te a gaudir del menjar d\u2019una forma saludable.&#8221;<\/p>\t\t\t\t\t\t<\/div>\n\t\t\t\t<\/div>\n\t\t\t\t\t<\/div>\n\t\t<\/div>\n\t\t\t\t\t<\/div>\n\t\t<\/section>\n\t\t\t\t<section class=\"elementor-section elementor-top-section elementor-element elementor-element-b499647 elementor-section-boxed elementor-section-height-default elementor-section-height-default\" data-id=\"b499647\" data-element_type=\"section\">\n\t\t\t\t\t\t<div class=\"elementor-container elementor-column-gap-default\">\n\t\t\t\t\t<div class=\"elementor-column elementor-col-100 elementor-top-column elementor-element elementor-element-e97ac79\" data-id=\"e97ac79\" data-element_type=\"column\">\n\t\t\t<div class=\"elementor-widget-wrap elementor-element-populated\">\n\t\t\t\t\t\t<div class=\"elementor-element elementor-element-50b655c elementor-widget elementor-widget-heading\" data-id=\"50b655c\" data-element_type=\"widget\" data-widget_type=\"heading.default\">\n\t\t\t\t<div class=\"elementor-widget-container\">\n\t\t\t<h2 class=\"elementor-heading-title elementor-size-default\">Com treballo?<\/h2>\t\t<\/div>\n\t\t\t\t<\/div>\n\t\t\t\t<div class=\"elementor-element elementor-element-31ffd6d elementor-widget elementor-widget-text-editor\" data-id=\"31ffd6d\" data-element_type=\"widget\" data-widget_type=\"text-editor.default\">\n\t\t\t\t<div class=\"elementor-widget-container\">\n\t\t\t\t\t\t\t<p><!-- \/wp:paragraph --><!-- wp:paragraph {\"align\":\"center\",\"customFontSize\":15} --><!-- \/wp:paragraph --><!-- wp:paragraph {\"align\":\"center\",\"customFontSize\":15} --><\/p>\n<h4><span style=\"color: var( --e-global-color-text ); font-family: var( --e-global-typography-text-font-family ), Sans-serif; font-weight: var( --e-global-typography-text-font-weight ); font-size: 18px;\">Enfoco sempre les consultes a l\u2019<\/span><strong style=\"color: var( --e-global-color-text ); font-family: var( --e-global-typography-text-font-family ), Sans-serif; font-size: 18px;\">educaci\u00f3 nutricional<\/strong><span style=\"color: var( --e-global-color-text ); font-family: var( --e-global-typography-text-font-family ), Sans-serif; font-weight: var( --e-global-typography-text-font-weight ); font-size: 18px;\">. El meu objectiu \u00e9s ajudar-te i acompanyar-te a aconseguir els teus <\/span><strong style=\"color: var( --e-global-color-text ); font-family: var( --e-global-typography-text-font-family ), Sans-serif; font-size: 18px;\">objectius<\/strong><span style=\"color: var( --e-global-color-text ); font-family: var( --e-global-typography-text-font-family ), Sans-serif; font-weight: var( --e-global-typography-text-font-weight ); font-size: 18px;\">, fomentant una <\/span><strong style=\"color: var( --e-global-color-text ); font-family: var( --e-global-typography-text-font-family ), Sans-serif; font-size: 18px;\">alimentaci\u00f3 saludable i sostenible\u00a0<\/strong><span style=\"color: var( --e-global-color-text ); font-family: var( --e-global-typography-text-font-family ), Sans-serif; font-weight: var( --e-global-typography-text-font-weight ); font-size: 18px;\">que s&#8217;adapti a tu i prioritzant sempre la teva salut. Per aix\u00f2, \u00e9s important fomentar un canvi d&#8217;<\/span><strong style=\"color: var( --e-global-color-text ); font-family: var( --e-global-typography-text-font-family ), Sans-serif; font-size: 18px;\">h\u00e0bits saludables<\/strong><span style=\"color: var( --e-global-color-text ); font-family: var( --e-global-typography-text-font-family ), Sans-serif; font-weight: var( --e-global-typography-text-font-weight ); font-size: 18px;\"> que acabin \u00a0formant part del teu estil de vida.<\/span><\/h4>\n<p>Per aconseguir-ho, cal valorar i trobar el <b>m\u00e8tode<\/b> que m\u00e9s s&#8217;adapti a tu. Aix\u00ed doncs, ofereixo men\u00fas, receptes i plans d&#8217;alimentaci\u00f3 totalment <b>personalitzats<\/b>, juntament amb <b>tallers <\/b>a la consulta per a potenciar l&#8217;educaci\u00f3 nutricional i l&#8217;empoderament del pacient.<\/p>\t\t\t\t\t\t<\/div>\n\t\t\t\t<\/div>\n\t\t\t\t\t<\/div>\n\t\t<\/div>\n\t\t\t\t\t<\/div>\n\t\t<\/section>\n\t\t\t\t<section class=\"elementor-section elementor-top-section elementor-element elementor-element-05c20e1 elementor-section-boxed elementor-section-height-default elementor-section-height-default\" data-id=\"05c20e1\" data-element_type=\"section\">\n\t\t\t\t\t\t<div class=\"elementor-container elementor-column-gap-default\">\n\t\t\t\t\t<div class=\"elementor-column elementor-col-100 elementor-top-column elementor-element elementor-element-d2b8c30\" data-id=\"d2b8c30\" data-element_type=\"column\">\n\t\t\t<div class=\"elementor-widget-wrap elementor-element-populated\">\n\t\t\t\t\t\t<div class=\"elementor-element elementor-element-26d9a5e elementor-widget elementor-widget-heading\" data-id=\"26d9a5e\" data-element_type=\"widget\" data-widget_type=\"heading.default\">\n\t\t\t\t<div class=\"elementor-widget-container\">\n\t\t\t<h2 class=\"elementor-heading-title elementor-size-default\">La meva formaci\u00f3<\/h2>\t\t<\/div>\n\t\t\t\t<\/div>\n\t\t\t\t<div class=\"elementor-element elementor-element-95ee8cc elementor-widget elementor-widget-text-editor\" data-id=\"95ee8cc\" data-element_type=\"widget\" data-widget_type=\"text-editor.default\">\n\t\t\t\t<div class=\"elementor-widget-container\">\n\t\t\t\t\t\t\t<p>Actualment estic treballant com a dietista nutricionista a l&#8217;Hospital <a href=\"https:\/\/www.althaia.cat\/althaia\/ca\/homepage\">Althaia<\/a> de Manresa i a la<a href=\"https:\/\/fundacionshe.org\/es\/proyectos\/#healthy\"> Fundaci\u00f3 SHE<\/a>.&nbsp;&nbsp;<\/p>\n<p>He finalitzat un m\u00e0ster oficial a l&#8217;<strong>Hospital Cl\u00ednic<\/strong>&nbsp;(Innovaci\u00f3 i Emprenedoria en Nutrici\u00f3, Malalties cr\u00f2niques i Envelliment saludable). Tamb\u00e9 he realitzat diversos cursos d\u2019especialitzaci\u00f3 com el d&#8217;<strong>obesitat<\/strong>&nbsp;i de&nbsp;<strong>nutrici\u00f3 esportiva<\/strong>&nbsp;per l\u2019ICNS i un d&#8217;<strong>immunonutrici\u00f3<\/strong>&nbsp;per la International Society for Immunonutrition , el qual m\u2019ha perm\u00e8s aprofundir en la relaci\u00f3 de l\u2019alimentaci\u00f3 i el sistema immunitari.&nbsp;<\/p>\n<p>He col\u00b7laborat com a<span style=\"color: var( --e-global-color-text );\">&nbsp;Project Manager del projecte Food4Health Muscle Cancer a l&#8217;<\/span><a href=\"https:\/\/idibell.cat\/es\/\" style=\"background-color: rgb(255, 255, 255);\">IDIBELL<\/a>&nbsp;i&nbsp;<span style=\"color: var( --e-global-color-text );\">&nbsp;amb la fundaci\u00f3 Al\u00edcia realitzant tallers per a nens, gent gran&#8230; A m\u00e9s a m\u00e9s, juntament amb psic\u00f2logues oferim un programa grupal de p\u00e8rdua de pes. Si est\u00e0s interessada saber m\u00e9s sobre aquesta programa clica al seg\u00fcent&nbsp;<\/span><strong style=\"color: var( --e-global-color-text );\"><a href=\"https:\/\/www.yaizaleal.com\/adelgazamiento-consciente\/\" target=\"_blank\" rel=\"noreferrer noopener\">enlla\u00e7<\/a><\/strong><span style=\"color: var( --e-global-color-text );\">&nbsp;o&nbsp;<\/span><a href=\"http:\/\/albaribalta.com\/index.php\/contacte\/\" style=\"background-color: rgb(255, 255, 255);\"><strong>contacta&#8217;m<\/strong><\/a><span style=\"color: var( --e-global-color-text );\">.<\/span><\/p>\n<p><\/p>\n<p>Col\u00b7legiada al Col\u00b7legi de Dietistes i Nutricionistes de Catalunya (N\u00ba 1682).<\/p>\n<p><\/p>\t\t\t\t\t\t<\/div>\n\t\t\t\t<\/div>\n\t\t\t\t\t<\/div>\n\t\t<\/div>\n\t\t\t\t\t<\/div>\n\t\t<\/section>\n\t\t\t\t<\/div>\n\t\t<!-- AddThis Advanced Settings generic via filter on the_content --><!-- AddThis Share Buttons generic via filter on the_content -->","protected":false},"excerpt":{"rendered":"<p>&#8220;S\u00f3c una apassionada de la nutrici\u00f3 i la cuina.\u00a0 Per aquest motiu vull ensenyar-te a gaudir del menjar d\u2019una forma saludable.&#8221; Com treballo? Enfoco sempre les consultes a l\u2019educaci\u00f3 nutricional. El meu objectiu \u00e9s ajudar-te i acompanyar-te a aconseguir els teus objectius, fomentant una alimentaci\u00f3 saludable i sostenible\u00a0que s&#8217;adapti a [&hellip;]<!-- AddThis Advanced Settings generic via filter on get_the_excerpt --><!-- AddThis Share Buttons generic via filter on get_the_excerpt --><\/p>\n","protected":false},"author":1,"featured_media":0,"parent":0,"menu_order":0,"comment_status":"closed","ping_status":"closed","template":"","meta":{"footnotes":""},"yoast_head":"<!-- This site is optimized with the Yoast SEO plugin v21.7 - https:\/\/yoast.com\/wordpress\/plugins\/seo\/ -->\n<title>Qui s\u00f3c? - Alba Ribalta l Dietista-Nutricionista<\/title>\n<meta name=\"description\" content=\"La meva especialitzaci\u00f3 \u00e9s en nutrici\u00f3 cl\u00ednica i esportiva, immunonutrici\u00f3 i en alimentaci\u00f3 infantil i adolesc\u00e8ncia.\" \/>\n<meta name=\"robots\" content=\"index, follow, max-snippet:-1, max-image-preview:large, max-video-preview:-1\" \/>\n<link rel=\"canonical\" href=\"https:\/\/albaribalta.com\/index.php\/quant-a\/\" \/>\n<meta property=\"og:locale\" content=\"ca_ES\" \/>\n<meta property=\"og:type\" content=\"article\" \/>\n<meta property=\"og:title\" content=\"Qui s\u00f3c? - Alba Ribalta l Dietista-Nutricionista\" \/>\n<meta property=\"og:description\" content=\"La meva especialitzaci\u00f3 \u00e9s en nutrici\u00f3 cl\u00ednica i esportiva, immunonutrici\u00f3 i en alimentaci\u00f3 infantil i adolesc\u00e8ncia.\" \/>\n<meta property=\"og:url\" content=\"https:\/\/albaribalta.com\/index.php\/quant-a\/\" \/>\n<meta property=\"og:site_name\" content=\"Alba Ribalta l Dietista-Nutricionista\" \/>\n<meta property=\"article:modified_time\" content=\"2023-11-14T17:13:29+00:00\" \/>\n<meta property=\"og:image\" content=\"https:\/\/albaribalta.com\/wp-content\/uploads\/2020\/11\/IMG_1760-copia.jpg\" \/>\n<meta name=\"twitter:card\" content=\"summary_large_image\" \/>\n<meta name=\"twitter:label1\" content=\"Temps estimat de lectura\" \/>\n\t<meta name=\"twitter:data1\" content=\"2 minuts\" \/>\n<script type=\"application\/ld+json\" class=\"yoast-schema-graph\">{\"@context\":\"https:\/\/schema.org\",\"@graph\":[{\"@type\":\"WebPage\",\"@id\":\"https:\/\/albaribalta.com\/index.php\/quant-a\/\",\"url\":\"https:\/\/albaribalta.com\/index.php\/quant-a\/\",\"name\":\"Qui s\u00f3c? - Alba Ribalta l Dietista-Nutricionista\",\"isPartOf\":{\"@id\":\"https:\/\/albaribalta.com\/#website\"},\"datePublished\":\"2019-07-29T07:04:58+00:00\",\"dateModified\":\"2023-11-14T17:13:29+00:00\",\"description\":\"La meva especialitzaci\u00f3 \u00e9s en nutrici\u00f3 cl\u00ednica i esportiva, immunonutrici\u00f3 i en alimentaci\u00f3 infantil i adolesc\u00e8ncia.\",\"breadcrumb\":{\"@id\":\"https:\/\/albaribalta.com\/index.php\/quant-a\/#breadcrumb\"},\"inLanguage\":\"ca\",\"potentialAction\":[{\"@type\":\"ReadAction\",\"target\":[\"https:\/\/albaribalta.com\/index.php\/quant-a\/\"]}]},{\"@type\":\"BreadcrumbList\",\"@id\":\"https:\/\/albaribalta.com\/index.php\/quant-a\/#breadcrumb\",\"itemListElement\":[{\"@type\":\"ListItem\",\"position\":1,\"name\":\"Inici\",\"item\":\"https:\/\/albaribalta.com\/\"},{\"@type\":\"ListItem\",\"position\":2,\"name\":\"Qui s\u00f3c?\"}]},{\"@type\":\"WebSite\",\"@id\":\"https:\/\/albaribalta.com\/#website\",\"url\":\"https:\/\/albaribalta.com\/\",\"name\":\"Alba Ribalta l Dietista-Nutricionista\",\"description\":\"\",\"publisher\":{\"@id\":\"https:\/\/albaribalta.com\/#organization\"},\"potentialAction\":[{\"@type\":\"SearchAction\",\"target\":{\"@type\":\"EntryPoint\",\"urlTemplate\":\"https:\/\/albaribalta.com\/?s={search_term_string}\"},\"query-input\":\"required name=search_term_string\"}],\"inLanguage\":\"ca\"},{\"@type\":\"Organization\",\"@id\":\"https:\/\/albaribalta.com\/#organization\",\"name\":\"Alba Ribalta l Dietista-Nutricionista\",\"url\":\"https:\/\/albaribalta.com\/\",\"logo\":{\"@type\":\"ImageObject\",\"inLanguage\":\"ca\",\"@id\":\"https:\/\/albaribalta.com\/#\/schema\/logo\/image\/\",\"url\":\"https:\/\/albaribalta.com\/wp-content\/uploads\/2020\/07\/cropped-Logo_AlbaRibalta_DN-1.png\",\"contentUrl\":\"https:\/\/albaribalta.com\/wp-content\/uploads\/2020\/07\/cropped-Logo_AlbaRibalta_DN-1.png\",\"width\":711,\"height\":711,\"caption\":\"Alba Ribalta l Dietista-Nutricionista\"},\"image\":{\"@id\":\"https:\/\/albaribalta.com\/#\/schema\/logo\/image\/\"}}]}<\/script>\n<!-- \/ Yoast SEO plugin. -->","yoast_head_json":{"title":"Qui s\u00f3c? - Alba Ribalta l Dietista-Nutricionista","description":"La meva especialitzaci\u00f3 \u00e9s en nutrici\u00f3 cl\u00ednica i esportiva, immunonutrici\u00f3 i en alimentaci\u00f3 infantil i adolesc\u00e8ncia.","robots":{"index":"index","follow":"follow","max-snippet":"max-snippet:-1","max-image-preview":"max-image-preview:large","max-video-preview":"max-video-preview:-1"},"canonical":"https:\/\/albaribalta.com\/index.php\/quant-a\/","og_locale":"ca_ES","og_type":"article","og_title":"Qui s\u00f3c? - Alba Ribalta l Dietista-Nutricionista","og_description":"La meva especialitzaci\u00f3 \u00e9s en nutrici\u00f3 cl\u00ednica i esportiva, immunonutrici\u00f3 i en alimentaci\u00f3 infantil i adolesc\u00e8ncia.","og_url":"https:\/\/albaribalta.com\/index.php\/quant-a\/","og_site_name":"Alba Ribalta l Dietista-Nutricionista","article_modified_time":"2023-11-14T17:13:29+00:00","og_image":[{"url":"https:\/\/albaribalta.com\/wp-content\/uploads\/2020\/11\/IMG_1760-copia.jpg"}],"twitter_card":"summary_large_image","twitter_misc":{"Temps estimat de lectura":"2 minuts"},"schema":{"@context":"https:\/\/schema.org","@graph":[{"@type":"WebPage","@id":"https:\/\/albaribalta.com\/index.php\/quant-a\/","url":"https:\/\/albaribalta.com\/index.php\/quant-a\/","name":"Qui s\u00f3c? - Alba Ribalta l Dietista-Nutricionista","isPartOf":{"@id":"https:\/\/albaribalta.com\/#website"},"datePublished":"2019-07-29T07:04:58+00:00","dateModified":"2023-11-14T17:13:29+00:00","description":"La meva especialitzaci\u00f3 \u00e9s en nutrici\u00f3 cl\u00ednica i esportiva, immunonutrici\u00f3 i en alimentaci\u00f3 infantil i adolesc\u00e8ncia.","breadcrumb":{"@id":"https:\/\/albaribalta.com\/index.php\/quant-a\/#breadcrumb"},"inLanguage":"ca","potentialAction":[{"@type":"ReadAction","target":["https:\/\/albaribalta.com\/index.php\/quant-a\/"]}]},{"@type":"BreadcrumbList","@id":"https:\/\/albaribalta.com\/index.php\/quant-a\/#breadcrumb","itemListElement":[{"@type":"ListItem","position":1,"name":"Inici","item":"https:\/\/albaribalta.com\/"},{"@type":"ListItem","position":2,"name":"Qui s\u00f3c?"}]},{"@type":"WebSite","@id":"https:\/\/albaribalta.com\/#website","url":"https:\/\/albaribalta.com\/","name":"Alba Ribalta l Dietista-Nutricionista","description":"","publisher":{"@id":"https:\/\/albaribalta.com\/#organization"},"potentialAction":[{"@type":"SearchAction","target":{"@type":"EntryPoint","urlTemplate":"https:\/\/albaribalta.com\/?s={search_term_string}"},"query-input":"required name=search_term_string"}],"inLanguage":"ca"},{"@type":"Organization","@id":"https:\/\/albaribalta.com\/#organization","name":"Alba Ribalta l Dietista-Nutricionista","url":"https:\/\/albaribalta.com\/","logo":{"@type":"ImageObject","inLanguage":"ca","@id":"https:\/\/albaribalta.com\/#\/schema\/logo\/image\/","url":"https:\/\/albaribalta.com\/wp-content\/uploads\/2020\/07\/cropped-Logo_AlbaRibalta_DN-1.png","contentUrl":"https:\/\/albaribalta.com\/wp-content\/uploads\/2020\/07\/cropped-Logo_AlbaRibalta_DN-1.png","width":711,"height":711,"caption":"Alba Ribalta l Dietista-Nutricionista"},"image":{"@id":"https:\/\/albaribalta.com\/#\/schema\/logo\/image\/"}}]}},"_links":{"self":[{"href":"https:\/\/albaribalta.com\/index.php\/wp-json\/wp\/v2\/pages\/9"}],"collection":[{"href":"https:\/\/albaribalta.com\/index.php\/wp-json\/wp\/v2\/pages"}],"about":[{"href":"https:\/\/albaribalta.com\/index.php\/wp-json\/wp\/v2\/types\/page"}],"author":[{"embeddable":true,"href":"https:\/\/albaribalta.com\/index.php\/wp-json\/wp\/v2\/users\/1"}],"replies":[{"embeddable":true,"href":"https:\/\/albaribalta.com\/index.php\/wp-json\/wp\/v2\/comments?post=9"}],"version-history":[{"count":52,"href":"https:\/\/albaribalta.com\/index.php\/wp-json\/wp\/v2\/pages\/9\/revisions"}],"predecessor-version":[{"id":1690,"href":"https:\/\/albaribalta.com\/index.php\/wp-json\/wp\/v2\/pages\/9\/revisions\/1690"}],"wp:attachment":[{"href":"https:\/\/albaribalta.com\/index.php\/wp-json\/wp\/v2\/media?parent=9"}],"curies":[{"name":"wp","href":"https:\/\/api.w.org\/{rel}","templated":true}]}}