{"id":815,"date":"2020-11-04T14:17:37","date_gmt":"2020-11-04T12:17:37","guid":{"rendered":"http:\/\/albaribalta.com\/?page_id=815"},"modified":"2021-11-17T20:56:51","modified_gmt":"2021-11-17T18:56:51","slug":"psiconutricio","status":"publish","type":"page","link":"https:\/\/albaribalta.com\/index.php\/serveis\/psiconutricio\/","title":{"rendered":"Psiconutrici\u00f3"},"content":{"rendered":"\t\t<div data-elementor-type=\"wp-page\" data-elementor-id=\"815\" class=\"elementor elementor-815\">\n\t\t\t\t\t\t<section class=\"elementor-section elementor-top-section elementor-element elementor-element-95df3fb elementor-section-boxed elementor-section-height-default elementor-section-height-default\" data-id=\"95df3fb\" data-element_type=\"section\">\n\t\t\t\t\t\t<div class=\"elementor-container elementor-column-gap-default\">\n\t\t\t\t\t<div class=\"elementor-column elementor-col-100 elementor-top-column elementor-element elementor-element-3d69b31\" data-id=\"3d69b31\" data-element_type=\"column\">\n\t\t\t<div class=\"elementor-widget-wrap elementor-element-populated\">\n\t\t\t\t\t\t<div class=\"elementor-element elementor-element-e329ca9 elementor-widget elementor-widget-text-editor\" data-id=\"e329ca9\" data-element_type=\"widget\" data-widget_type=\"text-editor.default\">\n\t\t\t\t<div class=\"elementor-widget-container\">\n\t\t\t\t\t\t\t<hr \/><p><span style=\"font-weight: 400;\">&#8216;<em>&#8216;La <strong>psiconutrici\u00f3<\/strong> es la forma m\u00e9s eficient per ajudar-te a <strong>canviar els teus h\u00e0bits<\/strong>,\u00a0 tenir una <strong>bona relaci\u00f3 amb el menjar<\/strong> i amb tu <strong>mateix\/a<\/strong>. La professi\u00f3 de psiconutricionista no existeix, sin\u00f3 que\u00a0 es basa en la <strong>combinaci\u00f3<\/strong> <strong>del treball<\/strong> i l\u2019acompanyament de la <strong>dietista-nutricionista<\/strong>,\u00a0 la <strong>psic\u00f2loga<\/strong> i del <strong>mateix client<\/strong>.&#8221;<\/em><\/span><\/p>\t\t\t\t\t\t<\/div>\n\t\t\t\t<\/div>\n\t\t\t\t\t<\/div>\n\t\t<\/div>\n\t\t\t\t\t<\/div>\n\t\t<\/section>\n\t\t\t\t<section class=\"elementor-section elementor-top-section elementor-element elementor-element-a889b4e elementor-section-content-middle elementor-reverse-mobile elementor-section-boxed elementor-section-height-default elementor-section-height-default\" data-id=\"a889b4e\" data-element_type=\"section\">\n\t\t\t\t\t\t<div class=\"elementor-container elementor-column-gap-no\">\n\t\t\t\t\t<div class=\"elementor-column elementor-col-50 elementor-top-column elementor-element elementor-element-7ece65d\" data-id=\"7ece65d\" data-element_type=\"column\">\n\t\t\t<div class=\"elementor-widget-wrap elementor-element-populated\">\n\t\t\t\t\t\t<div class=\"elementor-element elementor-element-2720bde elementor-widget elementor-widget-heading\" data-id=\"2720bde\" data-element_type=\"widget\" data-widget_type=\"heading.default\">\n\t\t\t\t<div class=\"elementor-widget-container\">\n\t\t\t<h4 class=\"elementor-heading-title elementor-size-default\">Qui som?<\/h4>\t\t<\/div>\n\t\t\t\t<\/div>\n\t\t\t\t<div class=\"elementor-element elementor-element-47ab243 elementor-widget elementor-widget-text-editor\" data-id=\"47ab243\" data-element_type=\"widget\" data-widget_type=\"text-editor.default\">\n\t\t\t\t<div class=\"elementor-widget-container\">\n\t\t\t\t\t\t\t<p><span style=\"font-weight: 400;\">L&#8217;equip de psiconutrici\u00f3 el formem l&#8217; Alba Ribalta, dietista Nutricionista\u00a0 experta en obesitat i canvi d\u2019h\u00e0bits i l&#8217;<\/span><span style=\"font-weight: 400;\">Anna Roqueta, psic\u00f2loga i coach personal especialitzada en l\u2019acompanyament de processos personals i gesti\u00f3 i processament de l&#8217;estr\u00e8s i les emocions. <\/span><\/p>\t\t\t\t\t\t<\/div>\n\t\t\t\t<\/div>\n\t\t\t\t\t<\/div>\n\t\t<\/div>\n\t\t\t\t<div class=\"elementor-column elementor-col-50 elementor-top-column elementor-element elementor-element-2110b88\" data-id=\"2110b88\" data-element_type=\"column\">\n\t\t\t<div class=\"elementor-widget-wrap elementor-element-populated\">\n\t\t\t\t\t\t<div class=\"elementor-element elementor-element-a05fc38 elementor-widget elementor-widget-image\" data-id=\"a05fc38\" data-element_type=\"widget\" data-widget_type=\"image.default\">\n\t\t\t\t<div class=\"elementor-widget-container\">\n\t\t\t\t\t\t\t\t\t\t\t\t\t<img fetchpriority=\"high\" decoding=\"async\" width=\"640\" height=\"427\" src=\"https:\/\/albaribalta.com\/wp-content\/uploads\/2020\/11\/anna-alba-tronges.jpg\" class=\"attachment-large size-large wp-image-830\" alt=\"\" \/>\t\t\t\t\t\t\t\t\t\t\t\t\t<\/div>\n\t\t\t\t<\/div>\n\t\t\t\t\t<\/div>\n\t\t<\/div>\n\t\t\t\t\t<\/div>\n\t\t<\/section>\n\t\t\t\t<section class=\"elementor-section elementor-top-section elementor-element elementor-element-d0e91d2 elementor-section-boxed elementor-section-height-default elementor-section-height-default\" data-id=\"d0e91d2\" data-element_type=\"section\">\n\t\t\t\t\t\t<div class=\"elementor-container elementor-column-gap-default\">\n\t\t\t\t\t<div class=\"elementor-column elementor-col-100 elementor-top-column elementor-element elementor-element-96cec94\" data-id=\"96cec94\" data-element_type=\"column\">\n\t\t\t<div class=\"elementor-widget-wrap elementor-element-populated\">\n\t\t\t\t\t\t<div class=\"elementor-element elementor-element-599b4a3 elementor-widget elementor-widget-heading\" data-id=\"599b4a3\" data-element_type=\"widget\" data-widget_type=\"heading.default\">\n\t\t\t\t<div class=\"elementor-widget-container\">\n\t\t\t<h2 class=\"elementor-heading-title elementor-size-small\">Com et podem ajudar?<\/h2>\t\t<\/div>\n\t\t\t\t<\/div>\n\t\t\t\t<div class=\"elementor-element elementor-element-3ab251e elementor-widget elementor-widget-text-editor\" data-id=\"3ab251e\" data-element_type=\"widget\" data-settings=\"{&quot;_animation&quot;:&quot;none&quot;}\" data-widget_type=\"text-editor.default\">\n\t\t\t\t<div class=\"elementor-widget-container\">\n\t\t\t\t\t\t\t<p><span style=\"font-weight: 400;\">Et sents culpable quan menges algun aliment no saludable?<\/span><\/p><p>Quan comences a menjar tens por de no poder parar?<\/p><p>Menges per avorriment o ansietat ?<\/p><p>Menges de manera compulsiva despr\u00e9s d\u2019un dia dur a la feina?<\/p><p>Est\u00e0s cansada de fer dietes molt restrictives i no les has pogudes mantenir en el temps?<\/p>\t\t\t\t\t\t<\/div>\n\t\t\t\t<\/div>\n\t\t\t\t\t<\/div>\n\t\t<\/div>\n\t\t\t\t\t<\/div>\n\t\t<\/section>\n\t\t\t\t<section class=\"elementor-section elementor-top-section elementor-element elementor-element-dbb5b49 elementor-section-boxed elementor-section-height-default elementor-section-height-default\" data-id=\"dbb5b49\" data-element_type=\"section\">\n\t\t\t\t\t\t<div class=\"elementor-container elementor-column-gap-default\">\n\t\t\t\t\t<div class=\"elementor-column elementor-col-100 elementor-top-column elementor-element elementor-element-a5f2c3a\" data-id=\"a5f2c3a\" data-element_type=\"column\">\n\t\t\t<div class=\"elementor-widget-wrap elementor-element-populated\">\n\t\t\t\t\t\t<div class=\"elementor-element elementor-element-ba41bf8 elementor-widget elementor-widget-text-editor\" data-id=\"ba41bf8\" data-element_type=\"widget\" data-widget_type=\"text-editor.default\">\n\t\t\t\t<div class=\"elementor-widget-container\">\n\t\t\t\t\t\t\t<p><span style=\"font-weight: 400;\">Nosaltres, contemplem cada <strong>persona com a \u00fanica<\/strong>, amb les seves caracter\u00edstiques personals i corporals pr\u00f2pies. \u00c9s per aix\u00f2 , que juntes treballarem perqu\u00e8 puguis assolir els teus <strong>objectius personals<\/strong> adaptant-nos a les teves <strong>necessitats<\/strong>. Es tracta doncs, d\u2019un<strong> espai segur i de confian\u00e7a<\/strong> on puguis comen\u00e7ar el teu proc\u00e9s amb el suport de dues professionals per a <strong>guiar-te i acompanyar-te<\/strong>.<\/span><\/p>\t\t\t\t\t\t<\/div>\n\t\t\t\t<\/div>\n\t\t\t\t\t<\/div>\n\t\t<\/div>\n\t\t\t\t\t<\/div>\n\t\t<\/section>\n\t\t\t\t<section class=\"elementor-section elementor-top-section elementor-element elementor-element-d50070d elementor-section-boxed elementor-section-height-default elementor-section-height-default\" data-id=\"d50070d\" data-element_type=\"section\">\n\t\t\t\t\t\t<div class=\"elementor-container elementor-column-gap-default\">\n\t\t\t\t\t<div class=\"elementor-column elementor-col-100 elementor-top-column elementor-element elementor-element-51abaf0\" data-id=\"51abaf0\" data-element_type=\"column\">\n\t\t\t<div class=\"elementor-widget-wrap elementor-element-populated\">\n\t\t\t\t\t\t<div class=\"elementor-element elementor-element-fc962af elementor-widget elementor-widget-heading\" data-id=\"fc962af\" data-element_type=\"widget\" data-widget_type=\"heading.default\">\n\t\t\t\t<div class=\"elementor-widget-container\">\n\t\t\t<h2 class=\"elementor-heading-title elementor-size-default\">Pack psiconutrici\u00f3 <\/h2>\t\t<\/div>\n\t\t\t\t<\/div>\n\t\t\t\t<div class=\"elementor-element elementor-element-afb4b00 elementor-widget elementor-widget-text-editor\" data-id=\"afb4b00\" data-element_type=\"widget\" data-widget_type=\"text-editor.default\">\n\t\t\t\t<div class=\"elementor-widget-container\">\n\t\t\t\t\t\t\t<p><strong>2 mesos<\/strong> d&#8217;acompanyament format per <strong>4 sessions<\/strong> de psicologia i<strong> 4 sessions<\/strong> de nutrici\u00f3 PRESENCIAL \/ ONLINE<\/p>\t\t\t\t\t\t<\/div>\n\t\t\t\t<\/div>\n\t\t\t\t\t<\/div>\n\t\t<\/div>\n\t\t\t\t\t<\/div>\n\t\t<\/section>\n\t\t\t\t<section class=\"elementor-section elementor-top-section elementor-element elementor-element-42e7f1f elementor-section-boxed elementor-section-height-default elementor-section-height-default\" data-id=\"42e7f1f\" data-element_type=\"section\">\n\t\t\t\t\t\t<div class=\"elementor-container elementor-column-gap-default\">\n\t\t\t\t\t<div class=\"elementor-column elementor-col-100 elementor-top-column elementor-element elementor-element-bd450bd\" data-id=\"bd450bd\" data-element_type=\"column\">\n\t\t\t<div class=\"elementor-widget-wrap elementor-element-populated\">\n\t\t\t\t\t\t<div class=\"elementor-element elementor-element-67391f3 elementor-widget elementor-widget-heading\" data-id=\"67391f3\" data-element_type=\"widget\" data-widget_type=\"heading.default\">\n\t\t\t\t<div class=\"elementor-widget-container\">\n\t\t\t<h2 class=\"elementor-heading-title elementor-size-default\">Qu\u00e8 inclou?<\/h2>\t\t<\/div>\n\t\t\t\t<\/div>\n\t\t\t\t\t<\/div>\n\t\t<\/div>\n\t\t\t\t\t<\/div>\n\t\t<\/section>\n\t\t\t\t<section class=\"elementor-section elementor-top-section elementor-element elementor-element-a34ca95 elementor-section-boxed elementor-section-height-default elementor-section-height-default\" data-id=\"a34ca95\" data-element_type=\"section\">\n\t\t\t\t\t\t<div class=\"elementor-container elementor-column-gap-default\">\n\t\t\t\t\t<div class=\"elementor-column elementor-col-50 elementor-top-column elementor-element elementor-element-fd3b286\" data-id=\"fd3b286\" data-element_type=\"column\">\n\t\t\t<div class=\"elementor-widget-wrap elementor-element-populated\">\n\t\t\t\t\t\t<div class=\"elementor-element elementor-element-791b924 elementor-widget elementor-widget-text-editor\" data-id=\"791b924\" data-element_type=\"widget\" data-widget_type=\"text-editor.default\">\n\t\t\t\t<div class=\"elementor-widget-container\">\n\t\t\t\t\t\t\t<ul><li><span style=\"font-weight: 400;\">Exploraci\u00f3 psicol\u00f2gica<\/span><\/li><li style=\"font-weight: 400;\"><span style=\"font-weight: 400;\">Mobilitzaci\u00f3 de t\u00e8cniques d\u2019afrontament a l\u2019ansietat<\/span><\/li><li style=\"font-weight: 400;\"><span style=\"font-weight: 400;\">Gesti\u00f3 de les emocions sense rec\u00f3rrer al menjar<\/span><\/li><li style=\"font-weight: 400;\"><span style=\"font-weight: 400;\">Millorar l\u2019autoestima i l\u2019amor propi<\/span><\/li><li style=\"font-weight: 400;\"><span style=\"font-weight: 400;\">Augmentar la teva seguretat i confian\u00e7a<\/span><\/li><li style=\"font-weight: 400;\"><span style=\"font-weight: 400;\">Entrega de material de treball personalitzat<\/span><\/li><\/ul>\t\t\t\t\t\t<\/div>\n\t\t\t\t<\/div>\n\t\t\t\t\t<\/div>\n\t\t<\/div>\n\t\t\t\t<div class=\"elementor-column elementor-col-50 elementor-top-column elementor-element elementor-element-e7659ac\" data-id=\"e7659ac\" data-element_type=\"column\">\n\t\t\t<div class=\"elementor-widget-wrap elementor-element-populated\">\n\t\t\t\t\t\t<div class=\"elementor-element elementor-element-6a9389e elementor-widget elementor-widget-text-editor\" data-id=\"6a9389e\" data-element_type=\"widget\" data-widget_type=\"text-editor.default\">\n\t\t\t\t<div class=\"elementor-widget-container\">\n\t\t\t\t\t\t\t<ul><li style=\"font-weight: 400;\"><span style=\"font-weight: 400;\">Valoraci\u00f3 nutricional<\/span><\/li><li style=\"font-weight: 400;\"><span style=\"font-weight: 400;\">Establiment d\u2019objectius\u00a0<\/span><\/li><li style=\"font-weight: 400;\"><span style=\"font-weight: 400;\">Pauta nutricional personalitzada<\/span><\/li><li style=\"font-weight: 400;\"><span style=\"font-weight: 400;\">An\u00e0lisis de composici\u00f3 corporal<\/span><\/li><li style=\"font-weight: 400;\"><span style=\"font-weight: 400;\">Seguiments de nutrici\u00f3 + educaci\u00f3 nutricional<\/span><\/li><li style=\"font-weight: 400;\"><span style=\"font-weight: 400;\">Entrega material complementari personalitzat<\/span><\/li><li><span style=\"font-weight: 400;\">Millora de la relaci\u00f3 emocional amb el menjar<\/span><\/li><\/ul>\t\t\t\t\t\t<\/div>\n\t\t\t\t<\/div>\n\t\t\t\t\t<\/div>\n\t\t<\/div>\n\t\t\t\t\t<\/div>\n\t\t<\/section>\n\t\t\t\t<section class=\"elementor-section elementor-top-section elementor-element elementor-element-62bdb4c elementor-section-content-middle elementor-section-boxed elementor-section-height-default elementor-section-height-default\" data-id=\"62bdb4c\" data-element_type=\"section\">\n\t\t\t\t\t\t<div class=\"elementor-container elementor-column-gap-no\">\n\t\t\t\t\t<div class=\"elementor-column elementor-col-100 elementor-top-column elementor-element elementor-element-654bb2d\" data-id=\"654bb2d\" data-element_type=\"column\">\n\t\t\t<div class=\"elementor-widget-wrap elementor-element-populated\">\n\t\t\t\t\t\t<div class=\"elementor-element elementor-element-f89133f elementor-widget elementor-widget-heading\" data-id=\"f89133f\" data-element_type=\"widget\" data-widget_type=\"heading.default\">\n\t\t\t\t<div class=\"elementor-widget-container\">\n\t\t\t<h4 class=\"elementor-heading-title elementor-size-default\">Vols comen\u00e7ar el teu canvi?<\/h4>\t\t<\/div>\n\t\t\t\t<\/div>\n\t\t\t\t<div class=\"elementor-element elementor-element-5fbf9b8 elementor-widget elementor-widget-text-editor\" data-id=\"5fbf9b8\" data-element_type=\"widget\" data-widget_type=\"text-editor.default\">\n\t\t\t\t<div class=\"elementor-widget-container\">\n\t\t\t\t\t\t\t<p>Si consideres que els nostres valors s&#8217;adequen al que est\u00e0s buscant, a continuaci\u00f3 et facilitem el link per si ens vols contactar, o fer alguna consulta sense cap comprom\u00eds.<\/p>\t\t\t\t\t\t<\/div>\n\t\t\t\t<\/div>\n\t\t\t\t<div class=\"elementor-element elementor-element-8b96145 elementor-align-center elementor-widget elementor-widget-button\" data-id=\"8b96145\" data-element_type=\"widget\" data-widget_type=\"button.default\">\n\t\t\t\t<div class=\"elementor-widget-container\">\n\t\t\t\t\t<div class=\"elementor-button-wrapper\">\n\t\t\t<a class=\"elementor-button elementor-button-link elementor-size-sm elementor-animation-grow\" href=\"http:\/\/albaribalta.com\/index.php\/contacte\/\">\n\t\t\t\t\t\t<span class=\"elementor-button-content-wrapper\">\n\t\t\t\t\t\t\t\t\t<span class=\"elementor-button-text\">Contacta'ns<\/span>\n\t\t\t\t\t<\/span>\n\t\t\t\t\t<\/a>\n\t\t<\/div>\n\t\t\t\t<\/div>\n\t\t\t\t<\/div>\n\t\t\t\t\t<\/div>\n\t\t<\/div>\n\t\t\t\t\t<\/div>\n\t\t<\/section>\n\t\t\t\t<\/div>\n\t\t<!-- AddThis Advanced Settings generic via filter on the_content --><!-- AddThis Share Buttons generic via filter on the_content -->","protected":false},"excerpt":{"rendered":"<p>&#8216;&#8216;La psiconutrici\u00f3 es la forma m\u00e9s eficient per ajudar-te a canviar els teus h\u00e0bits,\u00a0 tenir una bona relaci\u00f3 amb el menjar i amb tu mateix\/a. La professi\u00f3 de psiconutricionista no existeix, sin\u00f3 que\u00a0 es basa en la combinaci\u00f3 del treball i l\u2019acompanyament de la dietista-nutricionista,\u00a0 la psic\u00f2loga i del mateix [&hellip;]<!-- AddThis Advanced Settings generic via filter on get_the_excerpt --><!-- AddThis Share Buttons generic via filter on get_the_excerpt --><\/p>\n","protected":false},"author":2,"featured_media":0,"parent":287,"menu_order":0,"comment_status":"closed","ping_status":"closed","template":"","meta":{"footnotes":""},"yoast_head":"<!-- This site is optimized with the Yoast SEO plugin v21.7 - https:\/\/yoast.com\/wordpress\/plugins\/seo\/ -->\n<title>Psiconutrici\u00f3 - Alba Ribalta l Dietista-Nutricionista<\/title>\n<meta name=\"description\" content=\"La psiconutrici\u00f3 es la forma m\u00e9s eficient per ajudar-te a canviar els teus h\u00e0bits, a tenir una bona relaci\u00f3 amb el menjar i amb tu mateix\/a.\" \/>\n<meta name=\"robots\" content=\"index, follow, max-snippet:-1, max-image-preview:large, max-video-preview:-1\" \/>\n<link rel=\"canonical\" href=\"https:\/\/albaribalta.com\/index.php\/serveis\/psiconutricio\/\" \/>\n<meta property=\"og:locale\" content=\"ca_ES\" \/>\n<meta property=\"og:type\" content=\"article\" \/>\n<meta property=\"og:title\" content=\"Psiconutrici\u00f3 - Alba Ribalta l Dietista-Nutricionista\" \/>\n<meta property=\"og:description\" content=\"La psiconutrici\u00f3 es la forma m\u00e9s eficient per ajudar-te a canviar els teus h\u00e0bits, a tenir una bona relaci\u00f3 amb el menjar i amb tu mateix\/a.\" \/>\n<meta property=\"og:url\" content=\"https:\/\/albaribalta.com\/index.php\/serveis\/psiconutricio\/\" \/>\n<meta property=\"og:site_name\" content=\"Alba Ribalta l Dietista-Nutricionista\" \/>\n<meta property=\"article:modified_time\" content=\"2021-11-17T18:56:51+00:00\" \/>\n<meta property=\"og:image\" content=\"https:\/\/albaribalta.com\/wp-content\/uploads\/2020\/11\/anna-alba-tronges.jpg\" \/>\n<meta name=\"twitter:card\" content=\"summary_large_image\" \/>\n<meta name=\"twitter:label1\" content=\"Temps estimat de lectura\" \/>\n\t<meta name=\"twitter:data1\" content=\"2 minuts\" \/>\n<script type=\"application\/ld+json\" class=\"yoast-schema-graph\">{\"@context\":\"https:\/\/schema.org\",\"@graph\":[{\"@type\":\"WebPage\",\"@id\":\"https:\/\/albaribalta.com\/index.php\/serveis\/psiconutricio\/\",\"url\":\"https:\/\/albaribalta.com\/index.php\/serveis\/psiconutricio\/\",\"name\":\"Psiconutrici\u00f3 - Alba Ribalta l Dietista-Nutricionista\",\"isPartOf\":{\"@id\":\"https:\/\/albaribalta.com\/#website\"},\"datePublished\":\"2020-11-04T12:17:37+00:00\",\"dateModified\":\"2021-11-17T18:56:51+00:00\",\"description\":\"La psiconutrici\u00f3 es la forma m\u00e9s eficient per ajudar-te a canviar els teus h\u00e0bits, a tenir una bona relaci\u00f3 amb el menjar i amb tu mateix\/a.\",\"breadcrumb\":{\"@id\":\"https:\/\/albaribalta.com\/index.php\/serveis\/psiconutricio\/#breadcrumb\"},\"inLanguage\":\"ca\",\"potentialAction\":[{\"@type\":\"ReadAction\",\"target\":[\"https:\/\/albaribalta.com\/index.php\/serveis\/psiconutricio\/\"]}]},{\"@type\":\"BreadcrumbList\",\"@id\":\"https:\/\/albaribalta.com\/index.php\/serveis\/psiconutricio\/#breadcrumb\",\"itemListElement\":[{\"@type\":\"ListItem\",\"position\":1,\"name\":\"Inici\",\"item\":\"https:\/\/albaribalta.com\/\"},{\"@type\":\"ListItem\",\"position\":2,\"name\":\"Serveis\",\"item\":\"https:\/\/albaribalta.com\/index.php\/serveis\/\"},{\"@type\":\"ListItem\",\"position\":3,\"name\":\"Psiconutrici\u00f3\"}]},{\"@type\":\"WebSite\",\"@id\":\"https:\/\/albaribalta.com\/#website\",\"url\":\"https:\/\/albaribalta.com\/\",\"name\":\"Alba Ribalta l Dietista-Nutricionista\",\"description\":\"\",\"publisher\":{\"@id\":\"https:\/\/albaribalta.com\/#organization\"},\"potentialAction\":[{\"@type\":\"SearchAction\",\"target\":{\"@type\":\"EntryPoint\",\"urlTemplate\":\"https:\/\/albaribalta.com\/?s={search_term_string}\"},\"query-input\":\"required name=search_term_string\"}],\"inLanguage\":\"ca\"},{\"@type\":\"Organization\",\"@id\":\"https:\/\/albaribalta.com\/#organization\",\"name\":\"Alba Ribalta l Dietista-Nutricionista\",\"url\":\"https:\/\/albaribalta.com\/\",\"logo\":{\"@type\":\"ImageObject\",\"inLanguage\":\"ca\",\"@id\":\"https:\/\/albaribalta.com\/#\/schema\/logo\/image\/\",\"url\":\"https:\/\/albaribalta.com\/wp-content\/uploads\/2020\/07\/cropped-Logo_AlbaRibalta_DN-1.png\",\"contentUrl\":\"https:\/\/albaribalta.com\/wp-content\/uploads\/2020\/07\/cropped-Logo_AlbaRibalta_DN-1.png\",\"width\":711,\"height\":711,\"caption\":\"Alba Ribalta l Dietista-Nutricionista\"},\"image\":{\"@id\":\"https:\/\/albaribalta.com\/#\/schema\/logo\/image\/\"}}]}<\/script>\n<!-- \/ Yoast SEO plugin. -->","yoast_head_json":{"title":"Psiconutrici\u00f3 - Alba Ribalta l Dietista-Nutricionista","description":"La psiconutrici\u00f3 es la forma m\u00e9s eficient per ajudar-te a canviar els teus h\u00e0bits, a tenir una bona relaci\u00f3 amb el menjar i amb tu mateix\/a.","robots":{"index":"index","follow":"follow","max-snippet":"max-snippet:-1","max-image-preview":"max-image-preview:large","max-video-preview":"max-video-preview:-1"},"canonical":"https:\/\/albaribalta.com\/index.php\/serveis\/psiconutricio\/","og_locale":"ca_ES","og_type":"article","og_title":"Psiconutrici\u00f3 - Alba Ribalta l Dietista-Nutricionista","og_description":"La psiconutrici\u00f3 es la forma m\u00e9s eficient per ajudar-te a canviar els teus h\u00e0bits, a tenir una bona relaci\u00f3 amb el menjar i amb tu mateix\/a.","og_url":"https:\/\/albaribalta.com\/index.php\/serveis\/psiconutricio\/","og_site_name":"Alba Ribalta l Dietista-Nutricionista","article_modified_time":"2021-11-17T18:56:51+00:00","og_image":[{"url":"https:\/\/albaribalta.com\/wp-content\/uploads\/2020\/11\/anna-alba-tronges.jpg"}],"twitter_card":"summary_large_image","twitter_misc":{"Temps estimat de lectura":"2 minuts"},"schema":{"@context":"https:\/\/schema.org","@graph":[{"@type":"WebPage","@id":"https:\/\/albaribalta.com\/index.php\/serveis\/psiconutricio\/","url":"https:\/\/albaribalta.com\/index.php\/serveis\/psiconutricio\/","name":"Psiconutrici\u00f3 - Alba Ribalta l Dietista-Nutricionista","isPartOf":{"@id":"https:\/\/albaribalta.com\/#website"},"datePublished":"2020-11-04T12:17:37+00:00","dateModified":"2021-11-17T18:56:51+00:00","description":"La psiconutrici\u00f3 es la forma m\u00e9s eficient per ajudar-te a canviar els teus h\u00e0bits, a tenir una bona relaci\u00f3 amb el menjar i amb tu mateix\/a.","breadcrumb":{"@id":"https:\/\/albaribalta.com\/index.php\/serveis\/psiconutricio\/#breadcrumb"},"inLanguage":"ca","potentialAction":[{"@type":"ReadAction","target":["https:\/\/albaribalta.com\/index.php\/serveis\/psiconutricio\/"]}]},{"@type":"BreadcrumbList","@id":"https:\/\/albaribalta.com\/index.php\/serveis\/psiconutricio\/#breadcrumb","itemListElement":[{"@type":"ListItem","position":1,"name":"Inici","item":"https:\/\/albaribalta.com\/"},{"@type":"ListItem","position":2,"name":"Serveis","item":"https:\/\/albaribalta.com\/index.php\/serveis\/"},{"@type":"ListItem","position":3,"name":"Psiconutrici\u00f3"}]},{"@type":"WebSite","@id":"https:\/\/albaribalta.com\/#website","url":"https:\/\/albaribalta.com\/","name":"Alba Ribalta l Dietista-Nutricionista","description":"","publisher":{"@id":"https:\/\/albaribalta.com\/#organization"},"potentialAction":[{"@type":"SearchAction","target":{"@type":"EntryPoint","urlTemplate":"https:\/\/albaribalta.com\/?s={search_term_string}"},"query-input":"required name=search_term_string"}],"inLanguage":"ca"},{"@type":"Organization","@id":"https:\/\/albaribalta.com\/#organization","name":"Alba Ribalta l Dietista-Nutricionista","url":"https:\/\/albaribalta.com\/","logo":{"@type":"ImageObject","inLanguage":"ca","@id":"https:\/\/albaribalta.com\/#\/schema\/logo\/image\/","url":"https:\/\/albaribalta.com\/wp-content\/uploads\/2020\/07\/cropped-Logo_AlbaRibalta_DN-1.png","contentUrl":"https:\/\/albaribalta.com\/wp-content\/uploads\/2020\/07\/cropped-Logo_AlbaRibalta_DN-1.png","width":711,"height":711,"caption":"Alba Ribalta l Dietista-Nutricionista"},"image":{"@id":"https:\/\/albaribalta.com\/#\/schema\/logo\/image\/"}}]}},"_links":{"self":[{"href":"https:\/\/albaribalta.com\/index.php\/wp-json\/wp\/v2\/pages\/815"}],"collection":[{"href":"https:\/\/albaribalta.com\/index.php\/wp-json\/wp\/v2\/pages"}],"about":[{"href":"https:\/\/albaribalta.com\/index.php\/wp-json\/wp\/v2\/types\/page"}],"author":[{"embeddable":true,"href":"https:\/\/albaribalta.com\/index.php\/wp-json\/wp\/v2\/users\/2"}],"replies":[{"embeddable":true,"href":"https:\/\/albaribalta.com\/index.php\/wp-json\/wp\/v2\/comments?post=815"}],"version-history":[{"count":13,"href":"https:\/\/albaribalta.com\/index.php\/wp-json\/wp\/v2\/pages\/815\/revisions"}],"predecessor-version":[{"id":1317,"href":"https:\/\/albaribalta.com\/index.php\/wp-json\/wp\/v2\/pages\/815\/revisions\/1317"}],"up":[{"embeddable":true,"href":"https:\/\/albaribalta.com\/index.php\/wp-json\/wp\/v2\/pages\/287"}],"wp:attachment":[{"href":"https:\/\/albaribalta.com\/index.php\/wp-json\/wp\/v2\/media?parent=815"}],"curies":[{"name":"wp","href":"https:\/\/api.w.org\/{rel}","templated":true}]}}