{"id":8,"date":"2019-07-29T09:04:58","date_gmt":"2019-07-29T07:04:58","guid":{"rendered":"http:\/\/albaribalta.com\/?page_id=8"},"modified":"2020-12-01T18:53:55","modified_gmt":"2020-12-01T16:53:55","slug":"inici","status":"publish","type":"page","link":"https:\/\/albaribalta.com\/","title":{"rendered":"Inici"},"content":{"rendered":"\t\t<div data-elementor-type=\"wp-page\" data-elementor-id=\"8\" class=\"elementor elementor-8\">\n\t\t\t\t\t\t<section class=\"elementor-section elementor-top-section elementor-element elementor-element-7573f82 elementor-section-full_width elementor-section-content-middle elementor-section-height-default elementor-section-height-default\" data-id=\"7573f82\" data-element_type=\"section\" data-settings=\"{&quot;background_background&quot;:&quot;classic&quot;}\">\n\t\t\t\t\t\t<div class=\"elementor-container elementor-column-gap-no\">\n\t\t\t\t\t<div class=\"elementor-column elementor-col-33 elementor-top-column elementor-element elementor-element-6ed20345\" data-id=\"6ed20345\" data-element_type=\"column\" data-settings=\"{&quot;background_background&quot;:&quot;classic&quot;}\">\n\t\t\t<div class=\"elementor-widget-wrap elementor-element-populated\">\n\t\t\t\t\t\t\t<\/div>\n\t\t<\/div>\n\t\t\t\t<div class=\"elementor-column elementor-col-33 elementor-top-column elementor-element elementor-element-207523b\" data-id=\"207523b\" data-element_type=\"column\">\n\t\t\t<div class=\"elementor-widget-wrap elementor-element-populated\">\n\t\t\t\t\t\t<div class=\"elementor-element elementor-element-64bebe48 elementor-widget elementor-widget-text-editor\" data-id=\"64bebe48\" data-element_type=\"widget\" data-widget_type=\"text-editor.default\">\n\t\t\t\t<div class=\"elementor-widget-container\">\n\t\t\t\t\t\t\t<p><em>&#8220;El meu prop\u00f2sit \u00e9s <strong>acompanyar-te<\/strong>\u00a0 i donar-te els recursos necessaris perqu\u00e8 aconsegueixis els teus <strong>objectius<\/strong> des d&#8217;una <strong>alimentaci\u00f3<\/strong> <strong>saludable<\/strong>.\u00a0<\/em><\/p><p><em>Per adquirir uns h\u00e0bits saludables\u00a0<strong>permanents<\/strong>\u00a0en el temps, s\u2019ha de tenir una\u00a0<strong>visi\u00f3 integral <\/strong>que englobi la teva salut, la rutina di\u00e0ria\u00a0 i l\u2019\u00e0mbit familiar en el qual et trobes.&#8221;<\/em><\/p>\t\t\t\t\t\t<\/div>\n\t\t\t\t<\/div>\n\t\t\t\t\t<\/div>\n\t\t<\/div>\n\t\t\t\t<div class=\"elementor-column elementor-col-33 elementor-top-column elementor-element elementor-element-5598e9df\" data-id=\"5598e9df\" data-element_type=\"column\" data-settings=\"{&quot;background_background&quot;:&quot;classic&quot;}\">\n\t\t\t<div class=\"elementor-widget-wrap elementor-element-populated\">\n\t\t\t\t\t\t<div class=\"elementor-element elementor-element-7157bc10 elementor-widget elementor-widget-image\" data-id=\"7157bc10\" data-element_type=\"widget\" data-widget_type=\"image.default\">\n\t\t\t\t<div class=\"elementor-widget-container\">\n\t\t\t\t\t\t\t\t\t\t\t\t\t<img fetchpriority=\"high\" decoding=\"async\" width=\"4000\" height=\"6000\" src=\"https:\/\/albaribalta.com\/wp-content\/uploads\/2020\/11\/IMG_1849-copia.jpg\" class=\"attachment-full size-full wp-image-807\" alt=\"\" \/>\t\t\t\t\t\t\t\t\t\t\t\t\t<\/div>\n\t\t\t\t<\/div>\n\t\t\t\t\t<\/div>\n\t\t<\/div>\n\t\t\t\t\t<\/div>\n\t\t<\/section>\n\t\t\t\t<section class=\"elementor-section elementor-top-section elementor-element elementor-element-906d6ce elementor-section-boxed elementor-section-height-default elementor-section-height-default\" data-id=\"906d6ce\" data-element_type=\"section\">\n\t\t\t\t\t\t<div class=\"elementor-container elementor-column-gap-default\">\n\t\t\t\t\t<div class=\"elementor-column elementor-col-100 elementor-top-column elementor-element elementor-element-4443040\" data-id=\"4443040\" data-element_type=\"column\">\n\t\t\t<div class=\"elementor-widget-wrap elementor-element-populated\">\n\t\t\t\t\t\t<div class=\"elementor-element elementor-element-9fa7d2b elementor-align-center elementor-widget elementor-widget-button\" data-id=\"9fa7d2b\" data-element_type=\"widget\" data-widget_type=\"button.default\">\n\t\t\t\t<div class=\"elementor-widget-container\">\n\t\t\t\t\t<div class=\"elementor-button-wrapper\">\n\t\t\t<a class=\"elementor-button elementor-button-link elementor-size-sm elementor-animation-grow\" href=\"http:\/\/albaribalta.com\/index.php\/quant-a\/\">\n\t\t\t\t\t\t<span class=\"elementor-button-content-wrapper\">\n\t\t\t\t\t\t\t\t\t<span class=\"elementor-button-text\">Sobre mi<\/span>\n\t\t\t\t\t<\/span>\n\t\t\t\t\t<\/a>\n\t\t<\/div>\n\t\t\t\t<\/div>\n\t\t\t\t<\/div>\n\t\t\t\t\t<\/div>\n\t\t<\/div>\n\t\t\t\t\t<\/div>\n\t\t<\/section>\n\t\t\t\t<section class=\"elementor-section elementor-top-section elementor-element elementor-element-1282533 elementor-section-boxed elementor-section-height-default elementor-section-height-default\" data-id=\"1282533\" data-element_type=\"section\">\n\t\t\t\t\t\t<div class=\"elementor-container elementor-column-gap-default\">\n\t\t\t\t\t<div class=\"elementor-column elementor-col-100 elementor-top-column elementor-element elementor-element-aa8d205\" data-id=\"aa8d205\" data-element_type=\"column\">\n\t\t\t<div class=\"elementor-widget-wrap elementor-element-populated\">\n\t\t\t\t\t\t<div class=\"elementor-element elementor-element-693d767 elementor-widget elementor-widget-heading\" data-id=\"693d767\" data-element_type=\"widget\" data-widget_type=\"heading.default\">\n\t\t\t\t<div class=\"elementor-widget-container\">\n\t\t\t<h2 class=\"elementor-heading-title elementor-size-default\">Com et podem ajudar les dietistes nutricionistes?<\/h2>\t\t<\/div>\n\t\t\t\t<\/div>\n\t\t\t\t<div class=\"elementor-element elementor-element-e6eb7cb elementor-widget elementor-widget-text-editor\" data-id=\"e6eb7cb\" data-element_type=\"widget\" data-widget_type=\"text-editor.default\">\n\t\t\t\t<div class=\"elementor-widget-container\">\n\t\t\t\t\t\t\t<p>Hi ha molta <strong>desinformaci\u00f3<\/strong> sobre com <strong>l\u2019alimentaci\u00f3<\/strong> afecta a la nostra <strong>salut<\/strong> i en el benestar <strong>emocional<\/strong>. Constantment estem <strong>bombardejats<\/strong> d\u2019anuncis que ens inciten a consumir aliments poc saludables, dietes \u2018\u2019milagro\u2019\u2019 i sucs\/batuts detox que l\u2019\u00fanic que ens faran \u00e9s empobrir la qualitat de la nostra dieta i empitjorar la relaci\u00f3 que tenim amb el menjar.\u00a0<\/p>\t\t\t\t\t\t<\/div>\n\t\t\t\t<\/div>\n\t\t\t\t\t<\/div>\n\t\t<\/div>\n\t\t\t\t\t<\/div>\n\t\t<\/section>\n\t\t\t\t<section class=\"elementor-section elementor-top-section elementor-element elementor-element-6ff8a202 elementor-section-content-middle elementor-section-full_width elementor-section-height-default elementor-section-height-default\" data-id=\"6ff8a202\" data-element_type=\"section\">\n\t\t\t\t\t\t<div class=\"elementor-container elementor-column-gap-no\">\n\t\t\t\t\t<div class=\"elementor-column elementor-col-100 elementor-top-column elementor-element elementor-element-6744fd26\" data-id=\"6744fd26\" data-element_type=\"column\">\n\t\t\t<div class=\"elementor-widget-wrap elementor-element-populated\">\n\t\t\t\t\t\t<div class=\"elementor-element elementor-element-7c22c63 elementor-widget elementor-widget-text-editor\" data-id=\"7c22c63\" data-element_type=\"widget\" data-widget_type=\"text-editor.default\">\n\t\t\t\t<div class=\"elementor-widget-container\">\n\t\t\t\t\t\t\t<p>Les dietistes-nutricionistes som professionals sanit\u00e0ries formades per a ajudar-te en \u00e0mbits diversos i sota moltes circumst\u00e0ncies diferents:<\/p>\t\t\t\t\t\t<\/div>\n\t\t\t\t<\/div>\n\t\t\t\t\t<\/div>\n\t\t<\/div>\n\t\t\t\t\t<\/div>\n\t\t<\/section>\n\t\t\t\t<section class=\"elementor-section elementor-top-section elementor-element elementor-element-322ab74 elementor-section-full_width elementor-section-height-default elementor-section-height-default\" data-id=\"322ab74\" data-element_type=\"section\" data-settings=\"{&quot;background_background&quot;:&quot;classic&quot;}\">\n\t\t\t\t\t\t\t<div class=\"elementor-background-overlay\"><\/div>\n\t\t\t\t\t\t\t<div class=\"elementor-container elementor-column-gap-no\">\n\t\t\t\t\t<div class=\"elementor-column elementor-col-33 elementor-top-column elementor-element elementor-element-452a4a3\" data-id=\"452a4a3\" data-element_type=\"column\">\n\t\t\t<div class=\"elementor-widget-wrap elementor-element-populated\">\n\t\t\t\t\t\t<div class=\"elementor-element elementor-element-385f975 elementor-position-top elementor-widget elementor-widget-image-box\" data-id=\"385f975\" data-element_type=\"widget\" data-widget_type=\"image-box.default\">\n\t\t\t\t<div class=\"elementor-widget-container\">\n\t\t\t<div class=\"elementor-image-box-wrapper\"><figure class=\"elementor-image-box-img\"><img decoding=\"async\" src=\"https:\/\/albaribalta.com\/wp-content\/uploads\/elementor\/thumbs\/lunch-at-the-table-with-healthy-organic-food-top-view-scaled-pfkat8i8id4sq3gpnaq3j3yz6t4wcsx220it2ckgqk.jpg\" title=\"dietoterapia\" alt=\"Lunch at a white wooden table with healthy organic food . The view from the top . The concept of healthy and home-cooked food\" loading=\"lazy\" \/><\/figure><div class=\"elementor-image-box-content\"><h3 class=\"elementor-image-box-title\">Dietoter\u00e0pia<\/h3><p class=\"elementor-image-box-description\">Dietes i pautes d'alimentaci\u00f3 per a persones que pateixen algun problema de salut sigui en l'\u00e0mbit immunol\u00f2gic, digestiu , hormonal , psicol\u00f2gic...<br><\/p><\/div><\/div>\t\t<\/div>\n\t\t\t\t<\/div>\n\t\t\t\t\t<\/div>\n\t\t<\/div>\n\t\t\t\t<div class=\"elementor-column elementor-col-33 elementor-top-column elementor-element elementor-element-7ea9ba4\" data-id=\"7ea9ba4\" data-element_type=\"column\">\n\t\t\t<div class=\"elementor-widget-wrap elementor-element-populated\">\n\t\t\t\t\t\t<div class=\"elementor-element elementor-element-5799438 elementor-position-top elementor-widget elementor-widget-image-box\" data-id=\"5799438\" data-element_type=\"widget\" data-widget_type=\"image-box.default\">\n\t\t\t\t<div class=\"elementor-widget-container\">\n\t\t\t<div class=\"elementor-image-box-wrapper\"><figure class=\"elementor-image-box-img\"><img decoding=\"async\" src=\"https:\/\/albaribalta.com\/wp-content\/uploads\/elementor\/thumbs\/pexels-photo-1578384-pfkatadww17ddbdzcbjco3hwdkvms74iq9ts0whoe4.jpeg\" title=\"nutrici\u00f3n deportiva\" alt=\"nutrici\u00f3n deportiva\" loading=\"lazy\" \/><\/figure><div class=\"elementor-image-box-content\"><h3 class=\"elementor-image-box-title\">Esportistes<\/h3><p class=\"elementor-image-box-description\">L'alimentaci\u00f3 juga un paper molt important en el rendiment, les lesions i la composici\u00f3 corporal.<br><br><br><br><\/p><\/div><\/div>\t\t<\/div>\n\t\t\t\t<\/div>\n\t\t\t\t\t<\/div>\n\t\t<\/div>\n\t\t\t\t<div class=\"elementor-column elementor-col-33 elementor-top-column elementor-element elementor-element-5671c44\" data-id=\"5671c44\" data-element_type=\"column\">\n\t\t\t<div class=\"elementor-widget-wrap elementor-element-populated\">\n\t\t\t\t\t\t<div class=\"elementor-element elementor-element-678d4c0 elementor-position-top elementor-widget elementor-widget-image-box\" data-id=\"678d4c0\" data-element_type=\"widget\" data-widget_type=\"image-box.default\">\n\t\t\t\t<div class=\"elementor-widget-container\">\n\t\t\t<div class=\"elementor-image-box-wrapper\"><figure class=\"elementor-image-box-img\"><img decoding=\"async\" src=\"https:\/\/albaribalta.com\/wp-content\/uploads\/elementor\/thumbs\/diet-concept-with-female-scientist-and-healthy-food-1-scaled-e1604750341821-pfkat2v7dcx2sfowk8ac45e7mhwp2mao18lw6ostrw.jpg\" title=\"dieta adelgazar\" alt=\"dieta adelgazar\" loading=\"lazy\" \/><\/figure><div class=\"elementor-image-box-content\"><h3 class=\"elementor-image-box-title\">Pes saludable<\/h3><p class=\"elementor-image-box-description\">Mitjan\u00e7ant l'educaci\u00f3 nutricional, l'empoderament de la persona i el canvi d'h\u00e0bits.&nbsp;<br><br><br><br><\/p><\/div><\/div>\t\t<\/div>\n\t\t\t\t<\/div>\n\t\t\t\t\t<\/div>\n\t\t<\/div>\n\t\t\t\t\t<\/div>\n\t\t<\/section>\n\t\t\t\t<section class=\"elementor-section elementor-top-section elementor-element elementor-element-62ab418 elementor-section-content-middle elementor-section-boxed elementor-section-height-default elementor-section-height-default\" data-id=\"62ab418\" data-element_type=\"section\">\n\t\t\t\t\t\t<div class=\"elementor-container elementor-column-gap-no\">\n\t\t\t\t\t<div class=\"elementor-column elementor-col-100 elementor-top-column elementor-element elementor-element-f61e6ab\" data-id=\"f61e6ab\" data-element_type=\"column\">\n\t\t\t<div class=\"elementor-widget-wrap elementor-element-populated\">\n\t\t\t\t\t\t<div class=\"elementor-element elementor-element-e27b05b elementor-widget elementor-widget-text-editor\" data-id=\"e27b05b\" data-element_type=\"widget\" data-widget_type=\"text-editor.default\">\n\t\t\t\t<div class=\"elementor-widget-container\">\n\t\t\t\t\t\t\t<p>Ens coneixem i m&#8217;expliques qu\u00e8 necessites?<\/p>\n<p>Per veure tots els serveis que ofereixo clica al seg\u00fcent enlla\u00e7.<\/p>\t\t\t\t\t\t<\/div>\n\t\t\t\t<\/div>\n\t\t\t\t<div class=\"elementor-element elementor-element-e2cabd9 elementor-align-center elementor-widget elementor-widget-button\" data-id=\"e2cabd9\" data-element_type=\"widget\" data-widget_type=\"button.default\">\n\t\t\t\t<div class=\"elementor-widget-container\">\n\t\t\t\t\t<div class=\"elementor-button-wrapper\">\n\t\t\t<a class=\"elementor-button elementor-button-link elementor-size-sm elementor-animation-grow\" href=\"http:\/\/albaribalta.com\/index.php\/serveis\/\">\n\t\t\t\t\t\t<span class=\"elementor-button-content-wrapper\">\n\t\t\t\t\t\t\t\t\t<span class=\"elementor-button-text\">Serveis<\/span>\n\t\t\t\t\t<\/span>\n\t\t\t\t\t<\/a>\n\t\t<\/div>\n\t\t\t\t<\/div>\n\t\t\t\t<\/div>\n\t\t\t\t\t<\/div>\n\t\t<\/div>\n\t\t\t\t\t<\/div>\n\t\t<\/section>\n\t\t\t\t<\/div>\n\t\t<!-- AddThis Advanced Settings generic via filter on the_content --><!-- AddThis Share Buttons generic via filter on the_content -->","protected":false},"excerpt":{"rendered":"<p>&#8220;El meu prop\u00f2sit \u00e9s acompanyar-te\u00a0 i donar-te els recursos necessaris perqu\u00e8 aconsegueixis els teus objectius des d&#8217;una alimentaci\u00f3 saludable.\u00a0 Per adquirir uns h\u00e0bits saludables\u00a0permanents\u00a0en el temps, s\u2019ha de tenir una\u00a0visi\u00f3 integral que englobi la teva salut, la rutina di\u00e0ria\u00a0 i l\u2019\u00e0mbit familiar en el qual et trobes.&#8221; Sobre mi Com [&hellip;]<!-- AddThis Advanced Settings generic via filter on get_the_excerpt --><!-- AddThis Share Buttons generic via filter on get_the_excerpt --><\/p>\n","protected":false},"author":1,"featured_media":0,"parent":0,"menu_order":0,"comment_status":"closed","ping_status":"closed","template":"","meta":{"footnotes":""},"yoast_head":"<!-- This site is optimized with the Yoast SEO plugin v21.7 - https:\/\/yoast.com\/wordpress\/plugins\/seo\/ -->\n<title>Inici - Alba Ribalta l Dietista-Nutricionista<\/title>\n<meta name=\"description\" content=\"Hi ha molta desinformaci\u00f3 sobre com l\u2019alimentaci\u00f3 afecta a la nostra salut i en el benestar emocional. \u201cEl meu prop\u00f2sit \u00e9s acompanyar-te i donar-te els recursos necessaris perqu\u00e8 aconsegueixis els teus objectius des d\u2019una alimentaci\u00f3 saludable.\" \/>\n<meta name=\"robots\" content=\"index, follow, max-snippet:-1, max-image-preview:large, max-video-preview:-1\" \/>\n<link rel=\"canonical\" href=\"https:\/\/albaribalta.com\/\" \/>\n<meta property=\"og:locale\" content=\"ca_ES\" \/>\n<meta property=\"og:type\" content=\"article\" \/>\n<meta property=\"og:title\" content=\"Inici - Alba Ribalta l Dietista-Nutricionista\" \/>\n<meta property=\"og:description\" content=\"Hi ha molta desinformaci\u00f3 sobre com l\u2019alimentaci\u00f3 afecta a la nostra salut i en el benestar emocional. \u201cEl meu prop\u00f2sit \u00e9s acompanyar-te i donar-te els recursos necessaris perqu\u00e8 aconsegueixis els teus objectius des d\u2019una alimentaci\u00f3 saludable.\" \/>\n<meta property=\"og:url\" content=\"https:\/\/albaribalta.com\/\" \/>\n<meta property=\"og:site_name\" content=\"Alba Ribalta l Dietista-Nutricionista\" \/>\n<meta property=\"article:modified_time\" content=\"2020-12-01T16:53:55+00:00\" \/>\n<meta property=\"og:image\" content=\"https:\/\/albaribalta.com\/wp-content\/uploads\/2020\/11\/IMG_1849-copia.jpg\" \/>\n<meta name=\"twitter:card\" content=\"summary_large_image\" \/>\n<meta name=\"twitter:label1\" content=\"Temps estimat de lectura\" \/>\n\t<meta name=\"twitter:data1\" content=\"1 minut\" \/>\n<script type=\"application\/ld+json\" class=\"yoast-schema-graph\">{\"@context\":\"https:\/\/schema.org\",\"@graph\":[{\"@type\":\"WebPage\",\"@id\":\"https:\/\/albaribalta.com\/\",\"url\":\"https:\/\/albaribalta.com\/\",\"name\":\"Inici - Alba Ribalta l Dietista-Nutricionista\",\"isPartOf\":{\"@id\":\"https:\/\/albaribalta.com\/#website\"},\"datePublished\":\"2019-07-29T07:04:58+00:00\",\"dateModified\":\"2020-12-01T16:53:55+00:00\",\"description\":\"Hi ha molta desinformaci\u00f3 sobre com l\u2019alimentaci\u00f3 afecta a la nostra salut i en el benestar emocional. \u201cEl meu prop\u00f2sit \u00e9s acompanyar-te i donar-te els recursos necessaris perqu\u00e8 aconsegueixis els teus objectius des d\u2019una alimentaci\u00f3 saludable.\",\"breadcrumb\":{\"@id\":\"https:\/\/albaribalta.com\/#breadcrumb\"},\"inLanguage\":\"ca\",\"potentialAction\":[{\"@type\":\"ReadAction\",\"target\":[\"https:\/\/albaribalta.com\/\"]}]},{\"@type\":\"BreadcrumbList\",\"@id\":\"https:\/\/albaribalta.com\/#breadcrumb\",\"itemListElement\":[{\"@type\":\"ListItem\",\"position\":1,\"name\":\"Inici\",\"item\":\"https:\/\/albaribalta.com\/\"},{\"@type\":\"ListItem\",\"position\":2,\"name\":\"Inici\"}]},{\"@type\":\"WebSite\",\"@id\":\"https:\/\/albaribalta.com\/#website\",\"url\":\"https:\/\/albaribalta.com\/\",\"name\":\"Alba Ribalta l Dietista-Nutricionista\",\"description\":\"\",\"publisher\":{\"@id\":\"https:\/\/albaribalta.com\/#organization\"},\"potentialAction\":[{\"@type\":\"SearchAction\",\"target\":{\"@type\":\"EntryPoint\",\"urlTemplate\":\"https:\/\/albaribalta.com\/?s={search_term_string}\"},\"query-input\":\"required name=search_term_string\"}],\"inLanguage\":\"ca\"},{\"@type\":\"Organization\",\"@id\":\"https:\/\/albaribalta.com\/#organization\",\"name\":\"Alba Ribalta l Dietista-Nutricionista\",\"url\":\"https:\/\/albaribalta.com\/\",\"logo\":{\"@type\":\"ImageObject\",\"inLanguage\":\"ca\",\"@id\":\"https:\/\/albaribalta.com\/#\/schema\/logo\/image\/\",\"url\":\"https:\/\/albaribalta.com\/wp-content\/uploads\/2020\/07\/cropped-Logo_AlbaRibalta_DN-1.png\",\"contentUrl\":\"https:\/\/albaribalta.com\/wp-content\/uploads\/2020\/07\/cropped-Logo_AlbaRibalta_DN-1.png\",\"width\":711,\"height\":711,\"caption\":\"Alba Ribalta l Dietista-Nutricionista\"},\"image\":{\"@id\":\"https:\/\/albaribalta.com\/#\/schema\/logo\/image\/\"}}]}<\/script>\n<!-- \/ Yoast SEO plugin. -->","yoast_head_json":{"title":"Inici - Alba Ribalta l Dietista-Nutricionista","description":"Hi ha molta desinformaci\u00f3 sobre com l\u2019alimentaci\u00f3 afecta a la nostra salut i en el benestar emocional. \u201cEl meu prop\u00f2sit \u00e9s acompanyar-te i donar-te els recursos necessaris perqu\u00e8 aconsegueixis els teus objectius des d\u2019una alimentaci\u00f3 saludable.","robots":{"index":"index","follow":"follow","max-snippet":"max-snippet:-1","max-image-preview":"max-image-preview:large","max-video-preview":"max-video-preview:-1"},"canonical":"https:\/\/albaribalta.com\/","og_locale":"ca_ES","og_type":"article","og_title":"Inici - Alba Ribalta l Dietista-Nutricionista","og_description":"Hi ha molta desinformaci\u00f3 sobre com l\u2019alimentaci\u00f3 afecta a la nostra salut i en el benestar emocional. \u201cEl meu prop\u00f2sit \u00e9s acompanyar-te i donar-te els recursos necessaris perqu\u00e8 aconsegueixis els teus objectius des d\u2019una alimentaci\u00f3 saludable.","og_url":"https:\/\/albaribalta.com\/","og_site_name":"Alba Ribalta l Dietista-Nutricionista","article_modified_time":"2020-12-01T16:53:55+00:00","og_image":[{"url":"https:\/\/albaribalta.com\/wp-content\/uploads\/2020\/11\/IMG_1849-copia.jpg"}],"twitter_card":"summary_large_image","twitter_misc":{"Temps estimat de lectura":"1 minut"},"schema":{"@context":"https:\/\/schema.org","@graph":[{"@type":"WebPage","@id":"https:\/\/albaribalta.com\/","url":"https:\/\/albaribalta.com\/","name":"Inici - Alba Ribalta l Dietista-Nutricionista","isPartOf":{"@id":"https:\/\/albaribalta.com\/#website"},"datePublished":"2019-07-29T07:04:58+00:00","dateModified":"2020-12-01T16:53:55+00:00","description":"Hi ha molta desinformaci\u00f3 sobre com l\u2019alimentaci\u00f3 afecta a la nostra salut i en el benestar emocional. \u201cEl meu prop\u00f2sit \u00e9s acompanyar-te i donar-te els recursos necessaris perqu\u00e8 aconsegueixis els teus objectius des d\u2019una alimentaci\u00f3 saludable.","breadcrumb":{"@id":"https:\/\/albaribalta.com\/#breadcrumb"},"inLanguage":"ca","potentialAction":[{"@type":"ReadAction","target":["https:\/\/albaribalta.com\/"]}]},{"@type":"BreadcrumbList","@id":"https:\/\/albaribalta.com\/#breadcrumb","itemListElement":[{"@type":"ListItem","position":1,"name":"Inici","item":"https:\/\/albaribalta.com\/"},{"@type":"ListItem","position":2,"name":"Inici"}]},{"@type":"WebSite","@id":"https:\/\/albaribalta.com\/#website","url":"https:\/\/albaribalta.com\/","name":"Alba Ribalta l Dietista-Nutricionista","description":"","publisher":{"@id":"https:\/\/albaribalta.com\/#organization"},"potentialAction":[{"@type":"SearchAction","target":{"@type":"EntryPoint","urlTemplate":"https:\/\/albaribalta.com\/?s={search_term_string}"},"query-input":"required name=search_term_string"}],"inLanguage":"ca"},{"@type":"Organization","@id":"https:\/\/albaribalta.com\/#organization","name":"Alba Ribalta l Dietista-Nutricionista","url":"https:\/\/albaribalta.com\/","logo":{"@type":"ImageObject","inLanguage":"ca","@id":"https:\/\/albaribalta.com\/#\/schema\/logo\/image\/","url":"https:\/\/albaribalta.com\/wp-content\/uploads\/2020\/07\/cropped-Logo_AlbaRibalta_DN-1.png","contentUrl":"https:\/\/albaribalta.com\/wp-content\/uploads\/2020\/07\/cropped-Logo_AlbaRibalta_DN-1.png","width":711,"height":711,"caption":"Alba Ribalta l Dietista-Nutricionista"},"image":{"@id":"https:\/\/albaribalta.com\/#\/schema\/logo\/image\/"}}]}},"_links":{"self":[{"href":"https:\/\/albaribalta.com\/index.php\/wp-json\/wp\/v2\/pages\/8"}],"collection":[{"href":"https:\/\/albaribalta.com\/index.php\/wp-json\/wp\/v2\/pages"}],"about":[{"href":"https:\/\/albaribalta.com\/index.php\/wp-json\/wp\/v2\/types\/page"}],"author":[{"embeddable":true,"href":"https:\/\/albaribalta.com\/index.php\/wp-json\/wp\/v2\/users\/1"}],"replies":[{"embeddable":true,"href":"https:\/\/albaribalta.com\/index.php\/wp-json\/wp\/v2\/comments?post=8"}],"version-history":[{"count":52,"href":"https:\/\/albaribalta.com\/index.php\/wp-json\/wp\/v2\/pages\/8\/revisions"}],"predecessor-version":[{"id":1058,"href":"https:\/\/albaribalta.com\/index.php\/wp-json\/wp\/v2\/pages\/8\/revisions\/1058"}],"wp:attachment":[{"href":"https:\/\/albaribalta.com\/index.php\/wp-json\/wp\/v2\/media?parent=8"}],"curies":[{"name":"wp","href":"https:\/\/api.w.org\/{rel}","templated":true}]}}